{"id":327,"date":"2021-07-02T13:50:33","date_gmt":"2021-07-07T07:00:37","guid":{"rendered":"https:\/\/cmcfood.net.pl\/?post_type=product&#038;p=327"},"modified":"2021-07-07T09:00:37","modified_gmt":"2021-07-07T07:00:37","slug":"king-size-green-olives-guillen-350g","status":"publish","type":"product","link":"https:\/\/cmcfood.net.pl\/en\/product\/king-size-green-olives-guillen-350g\/","title":{"rendered":"King size green olives Guillen 350g"},"content":{"rendered":"<p><b>Sk\u0142adniki: Woda, oliwki zielone, s\u00f3l, regulator kwasowo\u015bci: kwas cytrynowy i kwas mlekowy, przeciwutleniacze: kwas askorbinowy\u00a0<\/b><\/p>\n<p>Ingredients: Water, green olives, salt, the acidity regulator: citrtic acid and lactic acid, antioxidant: ascorbic acid<\/p>\n","protected":false},"excerpt":{"rendered":"<p>Sk\u0142adniki: Woda, oliwki zielone, s\u00f3l, regulator kwasowo\u015bci: kwas cytrynowy i kwas mlekowy, przeciwutleniacze: kwas askorbinowy\u00a0 Ingredients: Water, green olives, salt,<\/p>\n","protected":false},"featured_media":324,"template":"","meta":[],"product_brand":[],"product_cat":[42],"product_tag":[],"class_list":{"0":"post-327","1":"product","2":"type-product","3":"status-publish","4":"has-post-thumbnail","6":"product_cat-olives","8":"first","9":"instock","10":"shipping-taxable","11":"product-type-simple"},"yoast_head":"<!-- This site is optimized with the Yoast SEO plugin v27.4 - https:\/\/yoast.com\/product\/yoast-seo-wordpress\/ -->\n<title>King size green olives Guillen 350g - CMC Food<\/title>\n<meta name=\"robots\" content=\"noindex, follow\" \/>\n<meta property=\"og:locale\" content=\"en_US\" \/>\n<meta property=\"og:type\" content=\"article\" \/>\n<meta property=\"og:title\" content=\"King size green olives Guillen 350g - CMC Food\" \/>\n<meta property=\"og:description\" content=\"Sk\u0142adniki: Woda, oliwki zielone, s\u00f3l, regulator kwasowo\u015bci: kwas cytrynowy i kwas mlekowy, przeciwutleniacze: kwas askorbinowy\u00a0 Ingredients: Water, green olives, salt,\" \/>\n<meta property=\"og:url\" content=\"https:\/\/cmcfood.net.pl\/en\/product\/king-size-green-olives-guillen-350g\/\" \/>\n<meta property=\"og:site_name\" content=\"CMC Food\" \/>\n<meta property=\"og:image\" content=\"https:\/\/cmcfood.net.pl\/wp-content\/uploads\/2021\/07\/604669_lata_guillen_350gr_12PAR_green_olives_pitted_queen_polonia_v1.14_frontal-751x1024.png\" \/>\n\t<meta property=\"og:image:width\" content=\"751\" \/>\n\t<meta property=\"og:image:height\" content=\"1024\" \/>\n\t<meta property=\"og:image:type\" content=\"image\/png\" \/>\n<meta name=\"twitter:card\" content=\"summary_large_image\" \/>\n<meta name=\"twitter:label1\" content=\"Est. reading time\" \/>\n\t<meta name=\"twitter:data1\" content=\"1 minute\" \/>\n<script type=\"application\/ld+json\" class=\"yoast-schema-graph\">{\"@context\":\"https:\\\/\\\/schema.org\",\"@graph\":[{\"@type\":\"WebPage\",\"@id\":\"https:\\\/\\\/cmcfood.net.pl\\\/en\\\/product\\\/king-size-green-olives-guillen-350g\\\/\",\"url\":\"https:\\\/\\\/cmcfood.net.pl\\\/en\\\/product\\\/king-size-green-olives-guillen-350g\\\/\",\"name\":\"King size green olives Guillen 350g - CMC Food\",\"isPartOf\":{\"@id\":\"https:\\\/\\\/cmcfood.net.pl\\\/#website\"},\"primaryImageOfPage\":{\"@id\":\"https:\\\/\\\/cmcfood.net.pl\\\/en\\\/product\\\/king-size-green-olives-guillen-350g\\\/#primaryimage\"},\"image\":{\"@id\":\"https:\\\/\\\/cmcfood.net.pl\\\/en\\\/product\\\/king-size-green-olives-guillen-350g\\\/#primaryimage\"},\"thumbnailUrl\":\"https:\\\/\\\/cmcfood.net.pl\\\/wp-content\\\/uploads\\\/2021\\\/07\\\/604669_lata_guillen_350gr_12PAR_green_olives_pitted_queen_polonia_v1.14_frontal.png\",\"datePublished\":\"2021-07-07T07:00:37+00:00\",\"breadcrumb\":{\"@id\":\"https:\\\/\\\/cmcfood.net.pl\\\/en\\\/product\\\/king-size-green-olives-guillen-350g\\\/#breadcrumb\"},\"inLanguage\":\"en-US\",\"potentialAction\":[{\"@type\":\"ReadAction\",\"target\":[\"https:\\\/\\\/cmcfood.net.pl\\\/en\\\/product\\\/king-size-green-olives-guillen-350g\\\/\"]}]},{\"@type\":\"ImageObject\",\"inLanguage\":\"en-US\",\"@id\":\"https:\\\/\\\/cmcfood.net.pl\\\/en\\\/product\\\/king-size-green-olives-guillen-350g\\\/#primaryimage\",\"url\":\"https:\\\/\\\/cmcfood.net.pl\\\/wp-content\\\/uploads\\\/2021\\\/07\\\/604669_lata_guillen_350gr_12PAR_green_olives_pitted_queen_polonia_v1.14_frontal.png\",\"contentUrl\":\"https:\\\/\\\/cmcfood.net.pl\\\/wp-content\\\/uploads\\\/2021\\\/07\\\/604669_lata_guillen_350gr_12PAR_green_olives_pitted_queen_polonia_v1.14_frontal.png\",\"width\":2831,\"height\":3861},{\"@type\":\"BreadcrumbList\",\"@id\":\"https:\\\/\\\/cmcfood.net.pl\\\/en\\\/product\\\/king-size-green-olives-guillen-350g\\\/#breadcrumb\",\"itemListElement\":[{\"@type\":\"ListItem\",\"position\":1,\"name\":\"Strona g\u0142\u00f3wna\",\"item\":\"https:\\\/\\\/cmcfood.net.pl\\\/en\\\/\"},{\"@type\":\"ListItem\",\"position\":2,\"name\":\"Shop\",\"item\":\"https:\\\/\\\/cmcfood.net.pl\\\/en\\\/shop\\\/\"},{\"@type\":\"ListItem\",\"position\":3,\"name\":\"King size green olives Guillen 350g\"}]},{\"@type\":\"WebSite\",\"@id\":\"https:\\\/\\\/cmcfood.net.pl\\\/#website\",\"url\":\"https:\\\/\\\/cmcfood.net.pl\\\/\",\"name\":\"CMC Food\",\"description\":\"\",\"publisher\":{\"@id\":\"https:\\\/\\\/cmcfood.net.pl\\\/#organization\"},\"potentialAction\":[{\"@type\":\"SearchAction\",\"target\":{\"@type\":\"EntryPoint\",\"urlTemplate\":\"https:\\\/\\\/cmcfood.net.pl\\\/?s={search_term_string}\"},\"query-input\":{\"@type\":\"PropertyValueSpecification\",\"valueRequired\":true,\"valueName\":\"search_term_string\"}}],\"inLanguage\":\"en-US\"},{\"@type\":\"Organization\",\"@id\":\"https:\\\/\\\/cmcfood.net.pl\\\/#organization\",\"name\":\"CMC Food\",\"url\":\"https:\\\/\\\/cmcfood.net.pl\\\/\",\"logo\":{\"@type\":\"ImageObject\",\"inLanguage\":\"en-US\",\"@id\":\"https:\\\/\\\/cmcfood.net.pl\\\/#\\\/schema\\\/logo\\\/image\\\/\",\"url\":\"https:\\\/\\\/cmcfood.net.pl\\\/wp-content\\\/uploads\\\/2021\\\/04\\\/Oleje-i-oliwy_05.jpg\",\"contentUrl\":\"https:\\\/\\\/cmcfood.net.pl\\\/wp-content\\\/uploads\\\/2021\\\/04\\\/Oleje-i-oliwy_05.jpg\",\"width\":386,\"height\":535,\"caption\":\"CMC Food\"},\"image\":{\"@id\":\"https:\\\/\\\/cmcfood.net.pl\\\/#\\\/schema\\\/logo\\\/image\\\/\"}}]}<\/script>\n<!-- \/ Yoast SEO plugin. -->","yoast_head_json":{"title":"King size green olives Guillen 350g - CMC Food","robots":{"index":"noindex","follow":"follow"},"og_locale":"en_US","og_type":"article","og_title":"King size green olives Guillen 350g - CMC Food","og_description":"Sk\u0142adniki: Woda, oliwki zielone, s\u00f3l, regulator kwasowo\u015bci: kwas cytrynowy i kwas mlekowy, przeciwutleniacze: kwas askorbinowy\u00a0 Ingredients: Water, green olives, salt,","og_url":"https:\/\/cmcfood.net.pl\/en\/product\/king-size-green-olives-guillen-350g\/","og_site_name":"CMC Food","og_image":[{"width":751,"height":1024,"url":"https:\/\/cmcfood.net.pl\/wp-content\/uploads\/2021\/07\/604669_lata_guillen_350gr_12PAR_green_olives_pitted_queen_polonia_v1.14_frontal-751x1024.png","type":"image\/png"}],"twitter_card":"summary_large_image","twitter_misc":{"Est. reading time":"1 minute"},"schema":{"@context":"https:\/\/schema.org","@graph":[{"@type":"WebPage","@id":"https:\/\/cmcfood.net.pl\/en\/product\/king-size-green-olives-guillen-350g\/","url":"https:\/\/cmcfood.net.pl\/en\/product\/king-size-green-olives-guillen-350g\/","name":"King size green olives Guillen 350g - CMC Food","isPartOf":{"@id":"https:\/\/cmcfood.net.pl\/#website"},"primaryImageOfPage":{"@id":"https:\/\/cmcfood.net.pl\/en\/product\/king-size-green-olives-guillen-350g\/#primaryimage"},"image":{"@id":"https:\/\/cmcfood.net.pl\/en\/product\/king-size-green-olives-guillen-350g\/#primaryimage"},"thumbnailUrl":"https:\/\/cmcfood.net.pl\/wp-content\/uploads\/2021\/07\/604669_lata_guillen_350gr_12PAR_green_olives_pitted_queen_polonia_v1.14_frontal.png","datePublished":"2021-07-07T07:00:37+00:00","breadcrumb":{"@id":"https:\/\/cmcfood.net.pl\/en\/product\/king-size-green-olives-guillen-350g\/#breadcrumb"},"inLanguage":"en-US","potentialAction":[{"@type":"ReadAction","target":["https:\/\/cmcfood.net.pl\/en\/product\/king-size-green-olives-guillen-350g\/"]}]},{"@type":"ImageObject","inLanguage":"en-US","@id":"https:\/\/cmcfood.net.pl\/en\/product\/king-size-green-olives-guillen-350g\/#primaryimage","url":"https:\/\/cmcfood.net.pl\/wp-content\/uploads\/2021\/07\/604669_lata_guillen_350gr_12PAR_green_olives_pitted_queen_polonia_v1.14_frontal.png","contentUrl":"https:\/\/cmcfood.net.pl\/wp-content\/uploads\/2021\/07\/604669_lata_guillen_350gr_12PAR_green_olives_pitted_queen_polonia_v1.14_frontal.png","width":2831,"height":3861},{"@type":"BreadcrumbList","@id":"https:\/\/cmcfood.net.pl\/en\/product\/king-size-green-olives-guillen-350g\/#breadcrumb","itemListElement":[{"@type":"ListItem","position":1,"name":"Strona g\u0142\u00f3wna","item":"https:\/\/cmcfood.net.pl\/en\/"},{"@type":"ListItem","position":2,"name":"Shop","item":"https:\/\/cmcfood.net.pl\/en\/shop\/"},{"@type":"ListItem","position":3,"name":"King size green olives Guillen 350g"}]},{"@type":"WebSite","@id":"https:\/\/cmcfood.net.pl\/#website","url":"https:\/\/cmcfood.net.pl\/","name":"CMC Food","description":"","publisher":{"@id":"https:\/\/cmcfood.net.pl\/#organization"},"potentialAction":[{"@type":"SearchAction","target":{"@type":"EntryPoint","urlTemplate":"https:\/\/cmcfood.net.pl\/?s={search_term_string}"},"query-input":{"@type":"PropertyValueSpecification","valueRequired":true,"valueName":"search_term_string"}}],"inLanguage":"en-US"},{"@type":"Organization","@id":"https:\/\/cmcfood.net.pl\/#organization","name":"CMC Food","url":"https:\/\/cmcfood.net.pl\/","logo":{"@type":"ImageObject","inLanguage":"en-US","@id":"https:\/\/cmcfood.net.pl\/#\/schema\/logo\/image\/","url":"https:\/\/cmcfood.net.pl\/wp-content\/uploads\/2021\/04\/Oleje-i-oliwy_05.jpg","contentUrl":"https:\/\/cmcfood.net.pl\/wp-content\/uploads\/2021\/04\/Oleje-i-oliwy_05.jpg","width":386,"height":535,"caption":"CMC Food"},"image":{"@id":"https:\/\/cmcfood.net.pl\/#\/schema\/logo\/image\/"}}]}},"_links":{"self":[{"href":"https:\/\/cmcfood.net.pl\/en\/wp-json\/wp\/v2\/product\/327","targetHints":{"allow":["GET"]}}],"collection":[{"href":"https:\/\/cmcfood.net.pl\/en\/wp-json\/wp\/v2\/product"}],"about":[{"href":"https:\/\/cmcfood.net.pl\/en\/wp-json\/wp\/v2\/types\/product"}],"wp:featuredmedia":[{"embeddable":true,"href":"https:\/\/cmcfood.net.pl\/en\/wp-json\/wp\/v2\/media\/324"}],"wp:attachment":[{"href":"https:\/\/cmcfood.net.pl\/en\/wp-json\/wp\/v2\/media?parent=327"}],"wp:term":[{"taxonomy":"product_brand","embeddable":true,"href":"https:\/\/cmcfood.net.pl\/en\/wp-json\/wp\/v2\/product_brand?post=327"},{"taxonomy":"product_cat","embeddable":true,"href":"https:\/\/cmcfood.net.pl\/en\/wp-json\/wp\/v2\/product_cat?post=327"},{"taxonomy":"product_tag","embeddable":true,"href":"https:\/\/cmcfood.net.pl\/en\/wp-json\/wp\/v2\/product_tag?post=327"}],"curies":[{"name":"wp","href":"https:\/\/api.w.org\/{rel}","templated":true}]}}